{"id":1938,"date":"2025-05-21T16:36:23","date_gmt":"2025-05-21T16:36:23","guid":{"rendered":"https:\/\/lavanderiapmd.es\/var\/www\/vhosts\/lavanderiapmd.eshttpdocs\/?page_id=1938"},"modified":"2025-05-21T16:36:49","modified_gmt":"2025-05-21T16:36:49","slug":"politica-de-privacidad","status":"publish","type":"page","link":"https:\/\/lavanderiapmd.es\/var\/www\/vhosts\/lavanderiapmd.eshttpdocs\/?page_id=1938","title":{"rendered":"Pol\u00edtica de privacidad"},"content":{"rendered":"\t\t<div data-elementor-type=\"wp-page\" data-elementor-id=\"1938\" class=\"elementor elementor-1938\" data-elementor-post-type=\"page\">\n\t\t\t\t<div class=\"elementor-element elementor-element-e31f594 e-flex e-con-boxed e-con e-parent\" data-id=\"e31f594\" data-element_type=\"container\" data-e-type=\"container\">\n\t\t\t\t\t<div class=\"e-con-inner\">\n\t\t\t\t<div class=\"elementor-element elementor-element-1e05284 elementor-widget elementor-widget-text-editor\" data-id=\"1e05284\" data-element_type=\"widget\" data-e-type=\"widget\" data-widget_type=\"text-editor.default\">\n\t\t\t\t<div class=\"elementor-widget-container\">\n\t\t\t\t\t\t\t\t\t<h1><b>Pol\u00edtica de privacidad<\/b><\/h1><p>E<i>sta pol\u00edtica de privacidad fu\u00e9 actualizada por \u00faltima vez en diciembre 1 de mayo, 2024 y es aplicada a los ciudadanos del Espacio Econ\u00f3mico Europeo (UE).<\/i><\/p><p>En esta declaraci\u00f3n de privacidad, explicamos lo que hacemos con los datos que obtenemos sobre usted a trav\u00e9s de <b data-var=\"DOMINIO\"><a href=\"https:\/\/lavanderiapmd.es\" target=\"_blank\" rel=\"noopener\">pmdlavanderia.es<\/a><\/b>. Le recomendamos qu\u00e9 lea atentamente esta declaraci\u00f3n. En nuestro procesamiento cumplimos con los requisitos de la legislaci\u00f3n de privacidad. Lo que significa, entre otras cosas, que:<\/p><ul><li aria-level=\"1\">Indicamos claramente los fines para los que procesamos los datos personales. Hacemos esto por medio de esta declaraci\u00f3n de privacidad.<\/li><li aria-level=\"1\">Nuestro objetivo es limitar nuestra recopilaci\u00f3n de datos personales a los datos personales necesarios para fines leg\u00edtimos.<\/li><li aria-level=\"1\">En primer lugar, solicitamos su consentimiento expl\u00edcito para el tratamiento de sus datos personales en los casos en que sea necesario.<\/li><li aria-level=\"1\">tomamos las medidas de seguridad adecuadas para proteger sus datos personales y tambi\u00e9n se lo exigimos a las partes que procesan datos personales en nuestro nombre;<\/li><li aria-level=\"1\">respetamos su derecho a acceder, rectificar o cancelar sus datos personales previa solicitud.<\/li><\/ul><p>Si tiene alguna pregunta o desea saber exactamente qu\u00e9 datos sobre usted guardamos, p\u00f3ngase en contacto con nosotros.<\/p><h4>1. Prop\u00f3sito, datos y periodo de retenci\u00f3n<\/h4><p>1.1 Contacto \u2013 Por tel\u00e9fono, correo, correo electr\u00f3nico y\/o formularios en el sitio. Retendremos los datos hasta que el servicio sea cancelado.<\/p><p>1.2 Para poder cumplir con las obligaciones legales. Retendremos los datos hasta que el servicio sea cancelado.<\/p><p>1.3 Recopilaci\u00f3n y an\u00e1lisis de estad\u00edsticas para la mejora del sitio web. Retendremos los datos hasta que el servicio sea cancelado.<\/p><h4>2. Compartir con otras partes<\/h4><p>S\u00f3lo compartimos o divulgamos estos datos a los procesadores para los siguientes prop\u00f3sitos:<\/p><p>Procesadores de datos.<\/p><p><b>Nombre:<\/b> <a href=\"https:\/\/xpandex.es\/\">Xpandex<br \/><\/a><b>Pa\u00eds:<\/b> Espa\u00f1a<br \/><b>Prop\u00f3sito:<\/b> Desarrollo y mantenimiento Web<\/p><h4>3. Cookies<\/h4><p>Nuestro sitio web utiliza cookies. Para m\u00e1s informaci\u00f3n acerca de las cookies, por favor refi\u00e9rase a nuestra Declaraci\u00f3n de Pol\u00edtica de Cookies.Tenemos un acuerdo de procesamiento de datos con Google.<\/p><h4>4. Seguridad<\/h4><p>Estamos comprometidos con la seguridad de los datos personales. Tomamos las medidas de seguridad adecuadas para limitar el abuso y el acceso no autorizado a los datos personales. Esto asegura que s\u00f3lo las personas necesarias tengan acceso a sus datos, que el acceso a los datos est\u00e9 protegido y que nuestras medidas de seguridad sean revisadas regularmente.<\/p><h4>5. Sitios web de terceros<\/h4><p>Esta declaraci\u00f3n de privacidad no se aplica a los sitios web de terceros conectados mediante enlaces en nuestro sitio web. No podemos garantizar que estas terceras partes manejen sus datos personales de forma fiable o segura. Le recomendamos que lea las declaraciones de privacidad de estos sitios web antes de utilizarlos.<\/p><h4>6. Privacidad y referencia a la declaraci\u00f3n de privacidad<\/h4><p>Nos reservamos el derecho de hacer enmiendas a esta declaraci\u00f3n de privacidad. Se recomienda que consulte esta declaraci\u00f3n de privacidad regularmente para estar al tanto de cualquier cambio. Adem\u00e1s, le informaremos activamente siempre que sea posible.<\/p><h4>7. Acceso y modificaci\u00f3n de sus datos<\/h4><p>Si tiene alguna pregunta o desea saber qu\u00e9 datos personales tenemos sobre usted, p\u00f3ngase en contacto con nosotros. Puede ponerse en contacto con nosotros utilizando la siguiente informaci\u00f3n. Usted tiene los siguientes derechos:<\/p><ul><li aria-level=\"1\">Usted tiene derecho a saber por qu\u00e9 se necesitan sus datos personales, qu\u00e9 suceder\u00e1 con ellos y durante cu\u00e1nto tiempo se conservar\u00e1n.<\/li><li aria-level=\"1\">Derecho de acceso: Tiene derecho a acceder a los datos personales que conocemos sobre usted.<\/li><li aria-level=\"1\">Derecho de rectificaci\u00f3n: tiene derecho a completar, rectificar, borrar o bloquear sus datos personales cuando lo desee.<\/li><li aria-level=\"1\">Si usted nos da su consentimiento para procesar sus datos, tiene derecho a revocar dicho consentimiento y a que se eliminen sus datos personales.<\/li><li aria-level=\"1\">Derecho de cesi\u00f3n de sus datos: tiene derecho a solicitar todos sus datos personales al controlador y a transferirlos \u00edntegramente a otro controlador.<\/li><li aria-level=\"1\">Derecho de oposici\u00f3n: usted puede oponerse al tratamiento de sus datos. Nosotros cumplimos con esto, a menos que existan motivos justificados para el procesamiento.<\/li><\/ul><p>Por favor, aseg\u00farese de indicar siempre claramente qui\u00e9n es usted, para que podamos estar seguros de que no modificamos o eliminamos ning\u00fan dato de la persona equivocada.<\/p><h4>8. Enviando una queja<\/h4><p>Si no est\u00e1 satisfecho con la forma en que tratamos o procesamos sus datos personales, tiene derecho a presentar una queja a la Autoridad de Protecci\u00f3n de Datos.<\/p><h4>9. Responsable de la protecci\u00f3n de datos<\/h4><p>Nuestro Responsable de la Protecci\u00f3n de Datos ha sido registrado ante la autoridad de protecci\u00f3n de datos de un Estado miembro de la UE. Si tiene alguna pregunta o solicitud con respecto a esta declaraci\u00f3n de privacidad o para el Responsable de la Protecci\u00f3n de Datos, puede ponerse en contacto con <b data-var=\"NOMBRE\">Pilar Mart\u00ednez D\u00edaz <\/b>, a trav\u00e9s de o <b data-var=\"EMAIL\">lavimar@hotmail.es<\/b><\/p><h4>10. Detalles de contacto<\/h4><p><b data-var=\"NOMBRE\">Pilar Mart\u00ednez D\u00edaz <\/b><\/p><p><b data-var=\"UBICACI\u00d3N\">Avenida San Blas, numero 10 CP 46178 Alpuente &#8211; Valencia <\/b><\/p><p>Sitio web: <b data-var=\"DOMINIO\"><a href=\"https:\/\/lavanderiapmd.es\" target=\"_blank\" rel=\"noopener\">pmdlavanderia.es<\/a><\/b><\/p><p>Correo: <b data-var=\"EMAIL\">lavimar@hotmail.es<\/b><br \/>N\u00famero de tel\u00e9fono: <b data-var=\"MOVIL\">+34618280078<\/b><\/p><p>Lorem ipsum dolor sit amet, consectetur adipiscing elit. Ut elit tellus, luctus nec ullamcorper mattis, pulvinar dapibus leo.<\/p>\t\t\t\t\t\t\t\t<\/div>\n\t\t\t\t<\/div>\n\t\t\t\t\t<\/div>\n\t\t\t\t<\/div>\n\t\t\t\t<\/div>\n\t\t","protected":false},"excerpt":{"rendered":"<p>Pol\u00edtica de privacidad Esta pol\u00edtica de privacidad fu\u00e9 actualizada por \u00faltima vez en diciembre 1 de mayo, 2024 y es aplicada a los ciudadanos del Espacio Econ\u00f3mico Europeo (UE). En esta declaraci\u00f3n de privacidad, explicamos lo que hacemos con los datos que obtenemos sobre usted a trav\u00e9s de pmdlavanderia.es. Le recomendamos qu\u00e9 lea atentamente esta [&hellip;]<\/p>\n","protected":false},"author":2,"featured_media":0,"parent":0,"menu_order":0,"comment_status":"closed","ping_status":"closed","template":"","meta":{"site-sidebar-layout":"no-sidebar","site-content-layout":"page-builder","ast-site-content-layout":"full-width-container","site-content-style":"default","site-sidebar-style":"default","ast-global-header-display":"","ast-banner-title-visibility":"","ast-main-header-display":"","ast-hfb-above-header-display":"","ast-hfb-below-header-display":"","ast-hfb-mobile-header-display":"","site-post-title":"disabled","ast-breadcrumbs-content":"","ast-featured-img":"disabled","footer-sml-layout":"","theme-transparent-header-meta":"","adv-header-id-meta":"","stick-header-meta":"","header-above-stick-meta":"","header-main-stick-meta":"","header-below-stick-meta":"","astra-migrate-meta-layouts":"set","ast-page-background-enabled":"default","ast-page-background-meta":{"desktop":{"background-color":"","background-image":"","background-repeat":"repeat","background-position":"center center","background-size":"auto","background-attachment":"scroll","background-type":"","background-media":"","overlay-type":"","overlay-color":"","overlay-opacity":"","overlay-gradient":""},"tablet":{"background-color":"","background-image":"","background-repeat":"repeat","background-position":"center center","background-size":"auto","background-attachment":"scroll","background-type":"","background-media":"","overlay-type":"","overlay-color":"","overlay-opacity":"","overlay-gradient":""},"mobile":{"background-color":"","background-image":"","background-repeat":"repeat","background-position":"center center","background-size":"auto","background-attachment":"scroll","background-type":"","background-media":"","overlay-type":"","overlay-color":"","overlay-opacity":"","overlay-gradient":""}},"ast-content-background-meta":{"desktop":{"background-color":"var(--ast-global-color-5)","background-image":"","background-repeat":"repeat","background-position":"center center","background-size":"auto","background-attachment":"scroll","background-type":"","background-media":"","overlay-type":"","overlay-color":"","overlay-opacity":"","overlay-gradient":""},"tablet":{"background-color":"var(--ast-global-color-5)","background-image":"","background-repeat":"repeat","background-position":"center center","background-size":"auto","background-attachment":"scroll","background-type":"","background-media":"","overlay-type":"","overlay-color":"","overlay-opacity":"","overlay-gradient":""},"mobile":{"background-color":"var(--ast-global-color-5)","background-image":"","background-repeat":"repeat","background-position":"center center","background-size":"auto","background-attachment":"scroll","background-type":"","background-media":"","overlay-type":"","overlay-color":"","overlay-opacity":"","overlay-gradient":""}},"footnotes":""},"class_list":["post-1938","page","type-page","status-publish","hentry"],"_links":{"self":[{"href":"https:\/\/lavanderiapmd.es\/var\/www\/vhosts\/lavanderiapmd.eshttpdocs\/index.php?rest_route=\/wp\/v2\/pages\/1938","targetHints":{"allow":["GET"]}}],"collection":[{"href":"https:\/\/lavanderiapmd.es\/var\/www\/vhosts\/lavanderiapmd.eshttpdocs\/index.php?rest_route=\/wp\/v2\/pages"}],"about":[{"href":"https:\/\/lavanderiapmd.es\/var\/www\/vhosts\/lavanderiapmd.eshttpdocs\/index.php?rest_route=\/wp\/v2\/types\/page"}],"author":[{"embeddable":true,"href":"https:\/\/lavanderiapmd.es\/var\/www\/vhosts\/lavanderiapmd.eshttpdocs\/index.php?rest_route=\/wp\/v2\/users\/2"}],"replies":[{"embeddable":true,"href":"https:\/\/lavanderiapmd.es\/var\/www\/vhosts\/lavanderiapmd.eshttpdocs\/index.php?rest_route=%2Fwp%2Fv2%2Fcomments&post=1938"}],"version-history":[{"count":4,"href":"https:\/\/lavanderiapmd.es\/var\/www\/vhosts\/lavanderiapmd.eshttpdocs\/index.php?rest_route=\/wp\/v2\/pages\/1938\/revisions"}],"predecessor-version":[{"id":1956,"href":"https:\/\/lavanderiapmd.es\/var\/www\/vhosts\/lavanderiapmd.eshttpdocs\/index.php?rest_route=\/wp\/v2\/pages\/1938\/revisions\/1956"}],"wp:attachment":[{"href":"https:\/\/lavanderiapmd.es\/var\/www\/vhosts\/lavanderiapmd.eshttpdocs\/index.php?rest_route=%2Fwp%2Fv2%2Fmedia&parent=1938"}],"curies":[{"name":"wp","href":"https:\/\/api.w.org\/{rel}","templated":true}]}}