{"id":1936,"date":"2025-05-21T16:29:42","date_gmt":"2025-05-21T16:29:42","guid":{"rendered":"https:\/\/lavanderiapmd.es\/var\/www\/vhosts\/lavanderiapmd.eshttpdocs\/?page_id=1936"},"modified":"2025-05-21T16:35:11","modified_gmt":"2025-05-21T16:35:11","slug":"declaracion-de-accesibilidad","status":"publish","type":"page","link":"https:\/\/lavanderiapmd.es\/var\/www\/vhosts\/lavanderiapmd.eshttpdocs\/?page_id=1936","title":{"rendered":"Declaraci\u00f3n de accesibilidad"},"content":{"rendered":"\t\t<div data-elementor-type=\"wp-page\" data-elementor-id=\"1936\" class=\"elementor elementor-1936\" data-elementor-post-type=\"page\">\n\t\t\t\t<div class=\"elementor-element elementor-element-c6982b6 e-flex e-con-boxed e-con e-parent\" data-id=\"c6982b6\" data-element_type=\"container\" data-e-type=\"container\">\n\t\t\t\t\t<div class=\"e-con-inner\">\n\t\t\t\t<div class=\"elementor-element elementor-element-1ba7212 elementor-widget elementor-widget-text-editor\" data-id=\"1ba7212\" data-element_type=\"widget\" data-e-type=\"widget\" data-widget_type=\"text-editor.default\">\n\t\t\t\t<div class=\"elementor-widget-container\">\n\t\t\t\t\t\t\t\t\t<div id=\"declaracion-de-accesibilidad\" class=\"textos activo\"><div class=\"elementor-widget-container\"><h2><b>Declaraci\u00f3n de Accesibilidad<\/b><\/h2><p>En la construcci\u00f3n de la p\u00e1gina web de<b><a href=\"https:\/\/lavanderiapmd.es\" target=\"_blank\" rel=\"noopener\">pmdlavanderia.es<\/a><\/b> se han adoptado medidas con el objetivo de que el mayor n\u00famero posible de personas puedan llegar a la informaci\u00f3n que se transmite en ella, independientemente de las limitaciones de la persona o de las que se deriven del contexto de uso.<\/p><p>As\u00ed, en la confecci\u00f3n del portal se han tenido en cuenta los siguientes aspectos:<\/p><ul><li aria-level=\"1\">Uso de CSS para la presentaci\u00f3n de la informaci\u00f3n.<\/li><li aria-level=\"1\">Etiquetas de marcaje.<\/li><li aria-level=\"1\">Sistemas de navegaci\u00f3n usables, intuitivos y alternativos.<\/li><li aria-level=\"1\">Descripciones alternativas en las im\u00e1genes.<\/li><li aria-level=\"1\">Verificaciones en la visualizaci\u00f3n con diferentes navegadores y dispositivos.<\/li><li aria-level=\"1\">Utilizaci\u00f3n de formatos universales y alternativos.<\/li><li aria-level=\"1\">Los enlaces ofrecen detalles de la funci\u00f3n o destino del hiperv\u00ednculo.<\/li><li aria-level=\"1\">Uso de los est\u00e1ndares del W3C.<\/li><li aria-level=\"1\">Acceso mediante atajos teclado a las principales opciones.<\/li><\/ul><h2><b>Cumplimiento de los est\u00e1ndares<\/b><\/h2><p>Las p\u00e1ginas de este sitio Web cumplen la marca AA seg\u00fan la Norma UNE 139803:2004 y las Directrices de Accesibilidad para el Contenido Web 1.0 del W3C. Todos los requisitos de Prioridad 1 y Prioridad 2 y un subconjunto de los requisitos de Prioridad 3 han sido comprobados con un an\u00e1lisis manual de la accesibilidad a trav\u00e9s de diferentes herramientas semi-autom\u00e1ticas y agentes de usuario.<\/p><h2><b>Atajos de teclado<\/b><\/h2><p>En esta Web puede hacer saltos ordenados en el contenido con la tecla Tab.<\/p><h2><b>Tama\u00f1o del texto<\/b><\/h2><p>El dise\u00f1o accesible permite que el usuario pueda ajustar las fuentes al tama\u00f1o que le convenga. Esta acci\u00f3n puede llevarse a cabo de diferentes maneras seg\u00fan el navegador web que se utilice. A continuaci\u00f3n se indica la acci\u00f3n de men\u00fa donde se encuentra esta funcionalidad en los navegadores m\u00e1s frecuentes:<\/p><ul><li aria-level=\"1\">Mozilla Firefox: Ver &gt; Tama\u00f1o de texto &gt; Incrementar Internet<\/li><li aria-level=\"1\">Internet Explorer: Ver &gt; Tama\u00f1o de texto &gt; M\u00e1s grande<\/li><li aria-level=\"1\">Opera: View &gt; Zoom &gt; %<\/li><li aria-level=\"1\">Safari: View &gt; Make text bigger<\/li><li aria-level=\"1\">Google Chrome: Herramientas &gt; Zoom<\/li><\/ul><h2><b>Configuraci\u00f3n t\u00e9cnica<\/b><\/h2><p>Las p\u00e1ginas web est\u00e1n creadas con el CMS WordPress 6.1.1.<\/p><h2><b>Informaci\u00f3n \u00fatil sobre la accesibilidad<\/b><\/h2><p>Seguidamente se exponen una serie de enlaces organizados en diferentes categor\u00edas \u00fatiles para obtener m\u00e1s informaci\u00f3n sobre la accesibilidad.<\/p><h2><b>Accesibilidad normas y documentos t\u00e9cnicos:<\/b><\/h2><p><a href=\"http:\/\/www.w3c.org\/\">http:\/\/www.w3c.org\/<br \/><\/a>Consorcio World Wide Web, grupo de trabajo de \u00e1mbito internacional que dicta l\u00edneas generales relacionadas con la web.<\/p><p><a href=\"http:\/\/www.w3c.org\/wai\/\">http:\/\/www.w3c.org\/wai\/<br \/><\/a>Iniciativa de Accesibilidad Web del W3C.<\/p><\/div><\/div><p><!-- POLITICA DE COOKIES --><\/p><div id=\"politicas-de-cookies\" class=\"textos\"><div class=\"elementor-widget-container\"><h2><b>Pol\u00edtica de Cookies<\/b><\/h2><\/div><\/div><p>Lorem ipsum dolor sit amet, consectetur adipiscing elit. Ut elit tellus, luctus nec ullamcorper mattis, pulvinar dapibus leo.<\/p>\t\t\t\t\t\t\t\t<\/div>\n\t\t\t\t<\/div>\n\t\t\t\t\t<\/div>\n\t\t\t\t<\/div>\n\t\t\t\t<\/div>\n\t\t","protected":false},"excerpt":{"rendered":"<p>Declaraci\u00f3n de Accesibilidad En la construcci\u00f3n de la p\u00e1gina web depmdlavanderia.es se han adoptado medidas con el objetivo de que el mayor n\u00famero posible de personas puedan llegar a la informaci\u00f3n que se transmite en ella, independientemente de las limitaciones de la persona o de las que se deriven del contexto de uso. As\u00ed, en [&hellip;]<\/p>\n","protected":false},"author":2,"featured_media":0,"parent":0,"menu_order":0,"comment_status":"closed","ping_status":"closed","template":"","meta":{"site-sidebar-layout":"no-sidebar","site-content-layout":"page-builder","ast-site-content-layout":"full-width-container","site-content-style":"default","site-sidebar-style":"default","ast-global-header-display":"","ast-banner-title-visibility":"","ast-main-header-display":"","ast-hfb-above-header-display":"","ast-hfb-below-header-display":"","ast-hfb-mobile-header-display":"","site-post-title":"disabled","ast-breadcrumbs-content":"","ast-featured-img":"disabled","footer-sml-layout":"","theme-transparent-header-meta":"","adv-header-id-meta":"","stick-header-meta":"","header-above-stick-meta":"","header-main-stick-meta":"","header-below-stick-meta":"","astra-migrate-meta-layouts":"set","ast-page-background-enabled":"default","ast-page-background-meta":{"desktop":{"background-color":"","background-image":"","background-repeat":"repeat","background-position":"center center","background-size":"auto","background-attachment":"scroll","background-type":"","background-media":"","overlay-type":"","overlay-color":"","overlay-opacity":"","overlay-gradient":""},"tablet":{"background-color":"","background-image":"","background-repeat":"repeat","background-position":"center center","background-size":"auto","background-attachment":"scroll","background-type":"","background-media":"","overlay-type":"","overlay-color":"","overlay-opacity":"","overlay-gradient":""},"mobile":{"background-color":"","background-image":"","background-repeat":"repeat","background-position":"center center","background-size":"auto","background-attachment":"scroll","background-type":"","background-media":"","overlay-type":"","overlay-color":"","overlay-opacity":"","overlay-gradient":""}},"ast-content-background-meta":{"desktop":{"background-color":"var(--ast-global-color-5)","background-image":"","background-repeat":"repeat","background-position":"center center","background-size":"auto","background-attachment":"scroll","background-type":"","background-media":"","overlay-type":"","overlay-color":"","overlay-opacity":"","overlay-gradient":""},"tablet":{"background-color":"var(--ast-global-color-5)","background-image":"","background-repeat":"repeat","background-position":"center center","background-size":"auto","background-attachment":"scroll","background-type":"","background-media":"","overlay-type":"","overlay-color":"","overlay-opacity":"","overlay-gradient":""},"mobile":{"background-color":"var(--ast-global-color-5)","background-image":"","background-repeat":"repeat","background-position":"center center","background-size":"auto","background-attachment":"scroll","background-type":"","background-media":"","overlay-type":"","overlay-color":"","overlay-opacity":"","overlay-gradient":""}},"footnotes":""},"class_list":["post-1936","page","type-page","status-publish","hentry"],"_links":{"self":[{"href":"https:\/\/lavanderiapmd.es\/var\/www\/vhosts\/lavanderiapmd.eshttpdocs\/index.php?rest_route=\/wp\/v2\/pages\/1936","targetHints":{"allow":["GET"]}}],"collection":[{"href":"https:\/\/lavanderiapmd.es\/var\/www\/vhosts\/lavanderiapmd.eshttpdocs\/index.php?rest_route=\/wp\/v2\/pages"}],"about":[{"href":"https:\/\/lavanderiapmd.es\/var\/www\/vhosts\/lavanderiapmd.eshttpdocs\/index.php?rest_route=\/wp\/v2\/types\/page"}],"author":[{"embeddable":true,"href":"https:\/\/lavanderiapmd.es\/var\/www\/vhosts\/lavanderiapmd.eshttpdocs\/index.php?rest_route=\/wp\/v2\/users\/2"}],"replies":[{"embeddable":true,"href":"https:\/\/lavanderiapmd.es\/var\/www\/vhosts\/lavanderiapmd.eshttpdocs\/index.php?rest_route=%2Fwp%2Fv2%2Fcomments&post=1936"}],"version-history":[{"count":4,"href":"https:\/\/lavanderiapmd.es\/var\/www\/vhosts\/lavanderiapmd.eshttpdocs\/index.php?rest_route=\/wp\/v2\/pages\/1936\/revisions"}],"predecessor-version":[{"id":1948,"href":"https:\/\/lavanderiapmd.es\/var\/www\/vhosts\/lavanderiapmd.eshttpdocs\/index.php?rest_route=\/wp\/v2\/pages\/1936\/revisions\/1948"}],"wp:attachment":[{"href":"https:\/\/lavanderiapmd.es\/var\/www\/vhosts\/lavanderiapmd.eshttpdocs\/index.php?rest_route=%2Fwp%2Fv2%2Fmedia&parent=1936"}],"curies":[{"name":"wp","href":"https:\/\/api.w.org\/{rel}","templated":true}]}}